{"id":22,"date":"2020-04-02T11:09:01","date_gmt":"2020-04-02T11:09:01","guid":{"rendered":"https:\/\/publi2.fr\/?page_id=22"},"modified":"2024-01-16T15:06:03","modified_gmt":"2024-01-16T15:06:03","slug":"qui-sommes-nous","status":"publish","type":"page","link":"https:\/\/publi2.fr\/?page_id=22","title":{"rendered":"A propos de Publi\u00b2"},"content":{"rendered":"<style>\/*! elementor - v3.14.0 - 26-06-2023 *\/<br \/>\n.elementor-heading-title{padding:0;margin:0;line-height:1}.elementor-widget-heading .elementor-heading-title[class*=elementor-size-]>a{color:inherit;font-size:inherit;line-height:inherit}.elementor-widget-heading .elementor-heading-title.elementor-size-small{font-size:15px}.elementor-widget-heading .elementor-heading-title.elementor-size-medium{font-size:19px}.elementor-widget-heading .elementor-heading-title.elementor-size-large{font-size:29px}.elementor-widget-heading .elementor-heading-title.elementor-size-xl{font-size:39px}.elementor-widget-heading .elementor-heading-title.elementor-size-xxl{font-size:59px}<\/style>\n<h2>\u00c0 propos de Publi\u00b2<\/h2>\n<p><strong style=\"font-size: 12pt;\">Publi2 est un organisme de formation enregistr\u00e9 sous le num\u00e9ro 44 54 03 955 54 \u00e0 la Pr\u00e9fecture de Meurthe-et-Moselle et certifi\u00e9 Qualiopi <a href=\"https:\/\/publi2.fr\/wp-content\/uploads\/2024\/01\/755015-20938-Certificat-Qualiopi-PUBLI\u00b2-processus-certifie-Cofrac.pdf\">(t\u00e9l\u00e9charger le certificat<\/a>).<\/strong><\/p>\n<p><strong style=\"font-size: 12pt;\">Nous formons, les salari\u00e9s, les ind\u00e9pendants et tout public dans le domaine de l\u2019informatique et de la sant\u00e9-s\u00e9curit\u00e9 au travail.<\/strong><\/p>\n<p><strong style=\"font-size: 12pt;\">Lors de nos formations, nous nous appliquons \u00e0 cerner les besoins exprim\u00e9s et \u00e0 assurer des formations qui r\u00e9pondent parfaitement aux attentes professionnelles de notre public.<\/strong><\/p>\n<p><strong style=\"font-size: 12pt;\">Nous proposons des formations sur mesure et Co-construite avec les besoins de chacun.<\/strong><\/p>\n<p><strong style=\"font-size: 12pt;\">En choisissant\u00a0Publi2, vous misez sur une p\u00e9dagogie innovante par l\u2019action et l\u2019individualisation des parcours de formation.<\/strong><\/p>\n<p><strong style=\"font-size: 12pt;\">Cr\u00e9e en 2021,\u00a0Publi2\u00a0ambitionne son d\u00e9veloppement par le prisme de la diversification de ces comp\u00e9tences et s\u2019appuie sur un r\u00e9seau d\u2019experts des disciplines.<\/strong><\/p>\n<p style=\"margin-bottom: 0px;\"><strong style=\"font-size: 12pt;\">Encore en d\u00e9veloppement,\u00a0Publi2\u00a0ambitionne ses orientations vers les m\u00e9tiers de la Sant\u00e9 et de la S\u00e9curit\u00e9. D\u00e9j\u00e0 dispensateur des formations SST,\u00a0Publi2\u00a0vous proposera tr\u00e8s prochainement des certifications aux diff\u00e9rents m\u00e9tiers de la sant\u00e9 et de la s\u00e9curit\u00e9.<\/strong><\/p>\n<style>\/*! elementor - v3.14.0 - 26-06-2023 *\/<br \/>\n.elementor-widget-image{text-align:center}.elementor-widget-image a{display:inline-block}.elementor-widget-image a img[src$=\".svg\"]{width:48px}.elementor-widget-image img{vertical-align:middle;display:inline-block}<\/style>\n<p><img decoding=\"async\" loading=\"lazy\" src=\"https:\/\/publi2.fr\/wp-content\/uploads\/2023\/07\/pexels-fauxels-3184317-1.jpg\" sizes=\"(max-width: 640px) 100vw, 640px\" srcset=\"https:\/\/publi2.fr\/wp-content\/uploads\/2023\/07\/pexels-fauxels-3184317-1.jpg 1024w, https:\/\/publi2.fr\/wp-content\/uploads\/2023\/07\/pexels-fauxels-3184317-1-300x200.jpg 300w, https:\/\/publi2.fr\/wp-content\/uploads\/2023\/07\/pexels-fauxels-3184317-1-768x512.jpg 768w, https:\/\/publi2.fr\/wp-content\/uploads\/2023\/07\/pexels-fauxels-3184317-1-360x240.jpg 360w\" alt=\"\" width=\"640\" height=\"427\" \/><\/p>\n<style>\/*! elementor - v3.14.0 - 26-06-2023 *\/<br \/>\n.elementor-column .elementor-spacer-inner{height:var(--spacer-size)}.e-con{--container-widget-width:100%}.e-con-inner>.elementor-widget-spacer,.e-con>.elementor-widget-spacer{width:var(--container-widget-width,var(--spacer-size));--align-self:var(--container-widget-align-self,initial);--flex-shrink:0}.e-con-inner>.elementor-widget-spacer>.elementor-widget-container,.e-con-inner>.elementor-widget-spacer>.elementor-widget-container>.elementor-spacer,.e-con>.elementor-widget-spacer>.elementor-widget-container,.e-con>.elementor-widget-spacer>.elementor-widget-container>.elementor-spacer{height:100%}.e-con-inner>.elementor-widget-spacer>.elementor-widget-container>.elementor-spacer>.elementor-spacer-inner,.e-con>.elementor-widget-spacer>.elementor-widget-container>.elementor-spacer>.elementor-spacer-inner{height:var(--container-widget-height,var(--spacer-size))}<\/style>\n<h2>Accessibilit\u00e9<\/h2>\n<style>\/*! elementor - v3.14.0 - 26-06-2023 *\/<br \/>\n.elementor-widget-divider{--divider-border-style:none;--divider-border-width:1px;--divider-color:#0c0d0e;--divider-icon-size:20px;--divider-element-spacing:10px;--divider-pattern-height:24px;--divider-pattern-size:20px;--divider-pattern-url:none;--divider-pattern-repeat:repeat-x}.elementor-widget-divider .elementor-divider{display:flex}.elementor-widget-divider .elementor-divider__text{font-size:15px;line-height:1;max-width:95%}.elementor-widget-divider .elementor-divider__element{margin:0 var(--divider-element-spacing);flex-shrink:0}.elementor-widget-divider .elementor-icon{font-size:var(--divider-icon-size)}.elementor-widget-divider .elementor-divider-separator{display:flex;margin:0;direction:ltr}.elementor-widget-divider--view-line_icon .elementor-divider-separator,.elementor-widget-divider--view-line_text .elementor-divider-separator{align-items:center}.elementor-widget-divider--view-line_icon .elementor-divider-separator:after,.elementor-widget-divider--view-line_icon .elementor-divider-separator:before,.elementor-widget-divider--view-line_text .elementor-divider-separator:after,.elementor-widget-divider--view-line_text .elementor-divider-separator:before{display:block;content:\"\";border-bottom:0;flex-grow:1;border-top:var(--divider-border-width) var(--divider-border-style) var(--divider-color)}.elementor-widget-divider--element-align-left .elementor-divider .elementor-divider-separator>.elementor-divider__svg:first-of-type{flex-grow:0;flex-shrink:100}.elementor-widget-divider--element-align-left .elementor-divider-separator:before{content:none}.elementor-widget-divider--element-align-left .elementor-divider__element{margin-left:0}.elementor-widget-divider--element-align-right .elementor-divider .elementor-divider-separator>.elementor-divider__svg:last-of-type{flex-grow:0;flex-shrink:100}.elementor-widget-divider--element-align-right .elementor-divider-separator:after{content:none}.elementor-widget-divider--element-align-right .elementor-divider__element{margin-right:0}.elementor-widget-divider:not(.elementor-widget-divider--view-line_text):not(.elementor-widget-divider--view-line_icon) .elementor-divider-separator{border-top:var(--divider-border-width) var(--divider-border-style) var(--divider-color)}.elementor-widget-divider--separator-type-pattern{--divider-border-style:none}.elementor-widget-divider--separator-type-pattern.elementor-widget-divider--view-line .elementor-divider-separator,.elementor-widget-divider--separator-type-pattern:not(.elementor-widget-divider--view-line) .elementor-divider-separator:after,.elementor-widget-divider--separator-type-pattern:not(.elementor-widget-divider--view-line) .elementor-divider-separator:before,.elementor-widget-divider--separator-type-pattern:not([class*=elementor-widget-divider--view]) .elementor-divider-separator{width:100%;min-height:var(--divider-pattern-height);-webkit-mask-size:var(--divider-pattern-size) 100%;mask-size:var(--divider-pattern-size) 100%;-webkit-mask-repeat:var(--divider-pattern-repeat);mask-repeat:var(--divider-pattern-repeat);background-color:var(--divider-color);-webkit-mask-image:var(--divider-pattern-url);mask-image:var(--divider-pattern-url)}.elementor-widget-divider--no-spacing{--divider-pattern-size:auto}.elementor-widget-divider--bg-round{--divider-pattern-repeat:round}.rtl .elementor-widget-divider .elementor-divider__text{direction:rtl}.e-con-inner>.elementor-widget-divider,.e-con>.elementor-widget-divider{width:var(--container-widget-width,100%);--flex-grow:var(--container-widget-flex-grow)}<\/style>\n<h6>1 rue Paul Langevin, 54320 \u00e0 Max\u00e9ville<\/h6>\n<h6 style=\"margin-bottom: 0px; text-align: center;\">Ligne 13 : Direction Max\u00e9ville Eco Park &#8211; Arr\u00eat Eco Park<br \/>\nLigne T2 : Direction Laxou Sapini\u00e8re &#8211; Arr\u00eat Saint-Jacques II<\/h6>\n<h6>Autoroute : Sortie Nancy Gentilly<\/h6>\n<h6>Accessible aux personnes \u00e0 mobilit\u00e9 r\u00e9duite<\/h6>\n<h2><b>Nos partenaires<\/b><\/h2>\n<p><img decoding=\"async\" loading=\"lazy\" src=\"https:\/\/publi2.fr\/wp-content\/uploads\/2022\/03\/cropped-Grand_Est_Logo-1024x313.png\" sizes=\"(max-width: 640px) 100vw, 640px\" srcset=\"https:\/\/publi2.fr\/wp-content\/uploads\/2022\/03\/cropped-Grand_Est_Logo-1024x313.png 1024w, https:\/\/publi2.fr\/wp-content\/uploads\/2022\/03\/cropped-Grand_Est_Logo-300x92.png 300w, https:\/\/publi2.fr\/wp-content\/uploads\/2022\/03\/cropped-Grand_Est_Logo-768x235.png 768w, https:\/\/publi2.fr\/wp-content\/uploads\/2022\/03\/cropped-Grand_Est_Logo-1536x470.png 1536w, https:\/\/publi2.fr\/wp-content\/uploads\/2022\/03\/cropped-Grand_Est_Logo-2048x626.png 2048w\" alt=\"\" width=\"640\" height=\"196\" \/><br \/>\n<img decoding=\"async\" loading=\"lazy\" src=\"https:\/\/publi2.fr\/wp-content\/uploads\/2022\/03\/cropped-Une-logo-pole-emploi.jpg\" sizes=\"(max-width: 495px) 100vw, 495px\" srcset=\"https:\/\/publi2.fr\/wp-content\/uploads\/2022\/03\/cropped-Une-logo-pole-emploi.jpg 495w, https:\/\/publi2.fr\/wp-content\/uploads\/2022\/03\/cropped-Une-logo-pole-emploi-300x227.jpg 300w\" alt=\"\" width=\"495\" height=\"375\" \/><br \/>\n<img decoding=\"async\" loading=\"lazy\" src=\"https:\/\/publi2.fr\/wp-content\/uploads\/2022\/03\/cropped-c2rp-logo-plan-investissement-competences-pic_0.jpg\" sizes=\"(max-width: 311px) 100vw, 311px\" srcset=\"https:\/\/publi2.fr\/wp-content\/uploads\/2022\/03\/cropped-c2rp-logo-plan-investissement-competences-pic_0.jpg 311w, https:\/\/publi2.fr\/wp-content\/uploads\/2022\/03\/cropped-c2rp-logo-plan-investissement-competences-pic_0-300x188.jpg 300w\" alt=\"\" width=\"311\" height=\"195\" \/><br \/>\n<img decoding=\"async\" loading=\"lazy\" src=\"https:\/\/publi2.fr\/wp-content\/uploads\/2023\/07\/nouveau-logo-V4-1024x350.png\" sizes=\"(max-width: 640px) 100vw, 640px\" srcset=\"https:\/\/publi2.fr\/wp-content\/uploads\/2023\/07\/nouveau-logo-V4-1024x350.png 1024w, https:\/\/publi2.fr\/wp-content\/uploads\/2023\/07\/nouveau-logo-V4-300x103.png 300w, https:\/\/publi2.fr\/wp-content\/uploads\/2023\/07\/nouveau-logo-V4-768x263.png 768w, https:\/\/publi2.fr\/wp-content\/uploads\/2023\/07\/nouveau-logo-V4-1536x526.png 1536w, https:\/\/publi2.fr\/wp-content\/uploads\/2023\/07\/nouveau-logo-V4-2048x701.png 2048w\" alt=\"\" width=\"640\" height=\"219\" \/><br \/>\n<img decoding=\"async\" loading=\"lazy\" src=\"https:\/\/publi2.fr\/wp-content\/uploads\/2023\/07\/logo.png\" alt=\"\" width=\"272\" height=\"124\" \/><br \/>\n<img decoding=\"async\" loading=\"lazy\" src=\"https:\/\/publi2.fr\/wp-content\/uploads\/2022\/03\/cropped-caisse_des_depots-logo-76A742BD04-seeklogo.com_-150x150.png\" sizes=\"(max-width: 150px) 100vw, 150px\" srcset=\"https:\/\/publi2.fr\/wp-content\/uploads\/2022\/03\/cropped-caisse_des_depots-logo-76A742BD04-seeklogo.com_-150x150.png 150w, https:\/\/publi2.fr\/wp-content\/uploads\/2022\/03\/cropped-caisse_des_depots-logo-76A742BD04-seeklogo.com_.png 299w\" alt=\"\" width=\"150\" height=\"150\" \/><\/p>\n","protected":false},"excerpt":{"rendered":"<p>\u00c0 propos de Publi\u00b2 Publi2 est un organisme de formation enregistr\u00e9 sous le num\u00e9ro 44 54 03 955 54 \u00e0 la Pr\u00e9fecture de Meurthe-et-Moselle et certifi\u00e9 Qualiopi (t\u00e9l\u00e9charger le certificat). Nous formons, les salari\u00e9s, les ind\u00e9pendants et tout public dans&hellip;&nbsp;<a href=\"https:\/\/publi2.fr\/?page_id=22\" class=\"more-link\">Lire la suite<\/a><\/p>\n","protected":false},"author":1,"featured_media":0,"parent":0,"menu_order":3,"comment_status":"closed","ping_status":"closed","template":"","meta":[],"_links":{"self":[{"href":"https:\/\/publi2.fr\/index.php?rest_route=\/wp\/v2\/pages\/22"}],"collection":[{"href":"https:\/\/publi2.fr\/index.php?rest_route=\/wp\/v2\/pages"}],"about":[{"href":"https:\/\/publi2.fr\/index.php?rest_route=\/wp\/v2\/types\/page"}],"author":[{"embeddable":true,"href":"https:\/\/publi2.fr\/index.php?rest_route=\/wp\/v2\/users\/1"}],"replies":[{"embeddable":true,"href":"https:\/\/publi2.fr\/index.php?rest_route=%2Fwp%2Fv2%2Fcomments&post=22"}],"version-history":[{"count":32,"href":"https:\/\/publi2.fr\/index.php?rest_route=\/wp\/v2\/pages\/22\/revisions"}],"predecessor-version":[{"id":982,"href":"https:\/\/publi2.fr\/index.php?rest_route=\/wp\/v2\/pages\/22\/revisions\/982"}],"wp:attachment":[{"href":"https:\/\/publi2.fr\/index.php?rest_route=%2Fwp%2Fv2%2Fmedia&parent=22"}],"curies":[{"name":"wp","href":"https:\/\/api.w.org\/{rel}","templated":true}]}}